{"id":160,"date":"2025-03-05T08:39:19","date_gmt":"2025-03-05T08:39:19","guid":{"rendered":"https:\/\/www.dalleterrassebois.fr\/?post_type=product&#038;p=160"},"modified":"2025-03-05T08:49:28","modified_gmt":"2025-03-05T08:49:28","slug":"dalle-en-robinier-faux-acacia","status":"publish","type":"product","link":"https:\/\/www.dalleterrassebois.fr\/?product=dalle-en-robinier-faux-acacia","title":{"rendered":"Dalle en Robinier (Faux Acacia)"},"content":{"rendered":"<p><span style=\"font-weight: 400;\">\u00a0Alternative \u00e9cologique au bois exotique<\/span><\/p>\n","protected":false},"excerpt":{"rendered":"<p>D\u00e9couvrez nos dalles en Robinier (Faux Acacia), un bois europ\u00e9en naturellement durable et r\u00e9sistant aux intemp\u00e9ries. Sans traitement chimique, il offre une alternative \u00e9cologique et robuste pour vos am\u00e9nagements ext\u00e9rieurs. Optez pour la solidit\u00e9 et l&rsquo;authenticit\u00e9 du Robinier !<\/p>\n","protected":false},"featured_media":173,"comment_status":"open","ping_status":"closed","template":"","meta":[],"product_brand":[],"product_cat":[21],"product_tag":[],"class_list":{"0":"post-160","1":"product","2":"type-product","3":"status-publish","4":"has-post-thumbnail","6":"product_cat-climat-tempere","8":"first","9":"instock","10":"shipping-taxable","11":"purchasable","12":"product-type-simple"},"yoast_head":"<!-- This site is optimized with the Yoast SEO plugin v24.6 - https:\/\/yoast.com\/wordpress\/plugins\/seo\/ -->\n<title>Dalle en Robinier (Faux Acacia) - DalleTerrasseBois<\/title>\n<meta name=\"robots\" content=\"index, follow, max-snippet:-1, max-image-preview:large, max-video-preview:-1\" \/>\n<link rel=\"canonical\" href=\"https:\/\/www.dalleterrassebois.fr\/?product=dalle-en-robinier-faux-acacia\" \/>\n<meta property=\"og:locale\" content=\"fr_FR\" \/>\n<meta property=\"og:type\" content=\"article\" \/>\n<meta property=\"og:title\" content=\"Dalle en Robinier (Faux Acacia) - DalleTerrasseBois\" \/>\n<meta property=\"og:description\" content=\"D\u00e9couvrez nos dalles en Robinier (Faux Acacia), un bois europ\u00e9en naturellement durable et r\u00e9sistant aux intemp\u00e9ries. Sans traitement chimique, il offre une alternative \u00e9cologique et robuste pour vos am\u00e9nagements ext\u00e9rieurs. Optez pour la solidit\u00e9 et l&#039;authenticit\u00e9 du Robinier !\" \/>\n<meta property=\"og:url\" content=\"https:\/\/www.dalleterrassebois.fr\/?product=dalle-en-robinier-faux-acacia\" \/>\n<meta property=\"og:site_name\" content=\"DalleTerrasseBois\" \/>\n<meta property=\"article:modified_time\" content=\"2025-03-05T08:49:28+00:00\" \/>\n<meta property=\"og:image\" content=\"https:\/\/www.dalleterrassebois.fr\/wp-content\/uploads\/2025\/03\/dalle-robinier.webp\" \/>\n\t<meta property=\"og:image:width\" content=\"1100\" \/>\n\t<meta property=\"og:image:height\" content=\"1100\" \/>\n\t<meta property=\"og:image:type\" content=\"image\/webp\" \/>\n<meta name=\"twitter:card\" content=\"summary_large_image\" \/>\n<script type=\"application\/ld+json\" class=\"yoast-schema-graph\">{\"@context\":\"https:\/\/schema.org\",\"@graph\":[{\"@type\":\"WebPage\",\"@id\":\"https:\/\/www.dalleterrassebois.fr\/?product=dalle-en-robinier-faux-acacia\",\"url\":\"https:\/\/www.dalleterrassebois.fr\/?product=dalle-en-robinier-faux-acacia\",\"name\":\"Dalle en Robinier (Faux Acacia) - DalleTerrasseBois\",\"isPartOf\":{\"@id\":\"https:\/\/www.dalleterrassebois.fr\/#website\"},\"primaryImageOfPage\":{\"@id\":\"https:\/\/www.dalleterrassebois.fr\/?product=dalle-en-robinier-faux-acacia#primaryimage\"},\"image\":{\"@id\":\"https:\/\/www.dalleterrassebois.fr\/?product=dalle-en-robinier-faux-acacia#primaryimage\"},\"thumbnailUrl\":\"https:\/\/www.dalleterrassebois.fr\/wp-content\/uploads\/2025\/03\/dalle-robinier.webp\",\"datePublished\":\"2025-03-05T08:39:19+00:00\",\"dateModified\":\"2025-03-05T08:49:28+00:00\",\"breadcrumb\":{\"@id\":\"https:\/\/www.dalleterrassebois.fr\/?product=dalle-en-robinier-faux-acacia#breadcrumb\"},\"inLanguage\":\"fr-FR\",\"potentialAction\":[{\"@type\":\"ReadAction\",\"target\":[\"https:\/\/www.dalleterrassebois.fr\/?product=dalle-en-robinier-faux-acacia\"]}]},{\"@type\":\"ImageObject\",\"inLanguage\":\"fr-FR\",\"@id\":\"https:\/\/www.dalleterrassebois.fr\/?product=dalle-en-robinier-faux-acacia#primaryimage\",\"url\":\"https:\/\/www.dalleterrassebois.fr\/wp-content\/uploads\/2025\/03\/dalle-robinier.webp\",\"contentUrl\":\"https:\/\/www.dalleterrassebois.fr\/wp-content\/uploads\/2025\/03\/dalle-robinier.webp\",\"width\":1100,\"height\":1100},{\"@type\":\"BreadcrumbList\",\"@id\":\"https:\/\/www.dalleterrassebois.fr\/?product=dalle-en-robinier-faux-acacia#breadcrumb\",\"itemListElement\":[{\"@type\":\"ListItem\",\"position\":1,\"name\":\"Accueil\",\"item\":\"https:\/\/www.dalleterrassebois.fr\/\"},{\"@type\":\"ListItem\",\"position\":2,\"name\":\"Boutique\",\"item\":\"https:\/\/www.dalleterrassebois.fr\/?page_id=35\"},{\"@type\":\"ListItem\",\"position\":3,\"name\":\"Dalle en Robinier (Faux Acacia)\"}]},{\"@type\":\"WebSite\",\"@id\":\"https:\/\/www.dalleterrassebois.fr\/#website\",\"url\":\"https:\/\/www.dalleterrassebois.fr\/\",\"name\":\"DalleTerrasseBois\",\"description\":\"Terrassez l&#039;\u00e9l\u00e9gance.\",\"publisher\":{\"@id\":\"https:\/\/www.dalleterrassebois.fr\/#organization\"},\"potentialAction\":[{\"@type\":\"SearchAction\",\"target\":{\"@type\":\"EntryPoint\",\"urlTemplate\":\"https:\/\/www.dalleterrassebois.fr\/?s={search_term_string}\"},\"query-input\":{\"@type\":\"PropertyValueSpecification\",\"valueRequired\":true,\"valueName\":\"search_term_string\"}}],\"inLanguage\":\"fr-FR\"},{\"@type\":\"Organization\",\"@id\":\"https:\/\/www.dalleterrassebois.fr\/#organization\",\"name\":\"DalleTerrasseBois\",\"url\":\"https:\/\/www.dalleterrassebois.fr\/\",\"logo\":{\"@type\":\"ImageObject\",\"inLanguage\":\"fr-FR\",\"@id\":\"https:\/\/www.dalleterrassebois.fr\/#\/schema\/logo\/image\/\",\"url\":\"https:\/\/www.dalleterrassebois.fr\/wp-content\/uploads\/2025\/03\/logo-dtb-1.png\",\"contentUrl\":\"https:\/\/www.dalleterrassebois.fr\/wp-content\/uploads\/2025\/03\/logo-dtb-1.png\",\"width\":500,\"height\":500,\"caption\":\"DalleTerrasseBois\"},\"image\":{\"@id\":\"https:\/\/www.dalleterrassebois.fr\/#\/schema\/logo\/image\/\"}}]}<\/script>\n<!-- \/ Yoast SEO plugin. -->","yoast_head_json":{"title":"Dalle en Robinier (Faux Acacia) - DalleTerrasseBois","robots":{"index":"index","follow":"follow","max-snippet":"max-snippet:-1","max-image-preview":"max-image-preview:large","max-video-preview":"max-video-preview:-1"},"canonical":"https:\/\/www.dalleterrassebois.fr\/?product=dalle-en-robinier-faux-acacia","og_locale":"fr_FR","og_type":"article","og_title":"Dalle en Robinier (Faux Acacia) - DalleTerrasseBois","og_description":"D\u00e9couvrez nos dalles en Robinier (Faux Acacia), un bois europ\u00e9en naturellement durable et r\u00e9sistant aux intemp\u00e9ries. Sans traitement chimique, il offre une alternative \u00e9cologique et robuste pour vos am\u00e9nagements ext\u00e9rieurs. Optez pour la solidit\u00e9 et l'authenticit\u00e9 du Robinier !","og_url":"https:\/\/www.dalleterrassebois.fr\/?product=dalle-en-robinier-faux-acacia","og_site_name":"DalleTerrasseBois","article_modified_time":"2025-03-05T08:49:28+00:00","og_image":[{"width":1100,"height":1100,"url":"https:\/\/www.dalleterrassebois.fr\/wp-content\/uploads\/2025\/03\/dalle-robinier.webp","type":"image\/webp"}],"twitter_card":"summary_large_image","schema":{"@context":"https:\/\/schema.org","@graph":[{"@type":"WebPage","@id":"https:\/\/www.dalleterrassebois.fr\/?product=dalle-en-robinier-faux-acacia","url":"https:\/\/www.dalleterrassebois.fr\/?product=dalle-en-robinier-faux-acacia","name":"Dalle en Robinier (Faux Acacia) - DalleTerrasseBois","isPartOf":{"@id":"https:\/\/www.dalleterrassebois.fr\/#website"},"primaryImageOfPage":{"@id":"https:\/\/www.dalleterrassebois.fr\/?product=dalle-en-robinier-faux-acacia#primaryimage"},"image":{"@id":"https:\/\/www.dalleterrassebois.fr\/?product=dalle-en-robinier-faux-acacia#primaryimage"},"thumbnailUrl":"https:\/\/www.dalleterrassebois.fr\/wp-content\/uploads\/2025\/03\/dalle-robinier.webp","datePublished":"2025-03-05T08:39:19+00:00","dateModified":"2025-03-05T08:49:28+00:00","breadcrumb":{"@id":"https:\/\/www.dalleterrassebois.fr\/?product=dalle-en-robinier-faux-acacia#breadcrumb"},"inLanguage":"fr-FR","potentialAction":[{"@type":"ReadAction","target":["https:\/\/www.dalleterrassebois.fr\/?product=dalle-en-robinier-faux-acacia"]}]},{"@type":"ImageObject","inLanguage":"fr-FR","@id":"https:\/\/www.dalleterrassebois.fr\/?product=dalle-en-robinier-faux-acacia#primaryimage","url":"https:\/\/www.dalleterrassebois.fr\/wp-content\/uploads\/2025\/03\/dalle-robinier.webp","contentUrl":"https:\/\/www.dalleterrassebois.fr\/wp-content\/uploads\/2025\/03\/dalle-robinier.webp","width":1100,"height":1100},{"@type":"BreadcrumbList","@id":"https:\/\/www.dalleterrassebois.fr\/?product=dalle-en-robinier-faux-acacia#breadcrumb","itemListElement":[{"@type":"ListItem","position":1,"name":"Accueil","item":"https:\/\/www.dalleterrassebois.fr\/"},{"@type":"ListItem","position":2,"name":"Boutique","item":"https:\/\/www.dalleterrassebois.fr\/?page_id=35"},{"@type":"ListItem","position":3,"name":"Dalle en Robinier (Faux Acacia)"}]},{"@type":"WebSite","@id":"https:\/\/www.dalleterrassebois.fr\/#website","url":"https:\/\/www.dalleterrassebois.fr\/","name":"DalleTerrasseBois","description":"Terrassez l&#039;\u00e9l\u00e9gance.","publisher":{"@id":"https:\/\/www.dalleterrassebois.fr\/#organization"},"potentialAction":[{"@type":"SearchAction","target":{"@type":"EntryPoint","urlTemplate":"https:\/\/www.dalleterrassebois.fr\/?s={search_term_string}"},"query-input":{"@type":"PropertyValueSpecification","valueRequired":true,"valueName":"search_term_string"}}],"inLanguage":"fr-FR"},{"@type":"Organization","@id":"https:\/\/www.dalleterrassebois.fr\/#organization","name":"DalleTerrasseBois","url":"https:\/\/www.dalleterrassebois.fr\/","logo":{"@type":"ImageObject","inLanguage":"fr-FR","@id":"https:\/\/www.dalleterrassebois.fr\/#\/schema\/logo\/image\/","url":"https:\/\/www.dalleterrassebois.fr\/wp-content\/uploads\/2025\/03\/logo-dtb-1.png","contentUrl":"https:\/\/www.dalleterrassebois.fr\/wp-content\/uploads\/2025\/03\/logo-dtb-1.png","width":500,"height":500,"caption":"DalleTerrasseBois"},"image":{"@id":"https:\/\/www.dalleterrassebois.fr\/#\/schema\/logo\/image\/"}}]}},"_links":{"self":[{"href":"https:\/\/www.dalleterrassebois.fr\/index.php?rest_route=\/wp\/v2\/product\/160","targetHints":{"allow":["GET"]}}],"collection":[{"href":"https:\/\/www.dalleterrassebois.fr\/index.php?rest_route=\/wp\/v2\/product"}],"about":[{"href":"https:\/\/www.dalleterrassebois.fr\/index.php?rest_route=\/wp\/v2\/types\/product"}],"replies":[{"embeddable":true,"href":"https:\/\/www.dalleterrassebois.fr\/index.php?rest_route=%2Fwp%2Fv2%2Fcomments&post=160"}],"wp:featuredmedia":[{"embeddable":true,"href":"https:\/\/www.dalleterrassebois.fr\/index.php?rest_route=\/wp\/v2\/media\/173"}],"wp:attachment":[{"href":"https:\/\/www.dalleterrassebois.fr\/index.php?rest_route=%2Fwp%2Fv2%2Fmedia&parent=160"}],"wp:term":[{"taxonomy":"product_brand","embeddable":true,"href":"https:\/\/www.dalleterrassebois.fr\/index.php?rest_route=%2Fwp%2Fv2%2Fproduct_brand&post=160"},{"taxonomy":"product_cat","embeddable":true,"href":"https:\/\/www.dalleterrassebois.fr\/index.php?rest_route=%2Fwp%2Fv2%2Fproduct_cat&post=160"},{"taxonomy":"product_tag","embeddable":true,"href":"https:\/\/www.dalleterrassebois.fr\/index.php?rest_route=%2Fwp%2Fv2%2Fproduct_tag&post=160"}],"curies":[{"name":"wp","href":"https:\/\/api.w.org\/{rel}","templated":true}]}}