{"id":128,"date":"2025-03-05T08:18:33","date_gmt":"2025-03-05T08:18:33","guid":{"rendered":"https:\/\/www.dalleterrassebois.fr\/?post_type=product&#038;p=128"},"modified":"2025-03-05T08:51:47","modified_gmt":"2025-03-05T08:51:47","slug":"dalle-en-ipe-2","status":"publish","type":"product","link":"https:\/\/www.dalleterrassebois.fr\/?product=dalle-en-ipe-2","title":{"rendered":"Dalle en Ip\u00e9"},"content":{"rendered":"<p><span style=\"font-weight: 400;\">Bois exotique tr\u00e8s dense, supporte bien l\u2019humidit\u00e9<\/span><\/p>\n","protected":false},"excerpt":{"rendered":"<p>C&rsquo;est un bois exotique d&rsquo;exception, offrent une r\u00e9sistance in\u00e9gal\u00e9e aux intemp\u00e9ries et une durabilit\u00e9 remarquable. Avec son \u00e9l\u00e9gance naturelle et sa stabilit\u00e9, l&rsquo;Ip\u00e9 est le choix id\u00e9al pour des am\u00e9nagements ext\u00e9rieurs haut de gamme et durables.<\/p>\n","protected":false},"featured_media":162,"comment_status":"open","ping_status":"closed","template":"","meta":[],"product_brand":[],"product_cat":[22],"product_tag":[],"class_list":{"0":"post-128","1":"product","2":"type-product","3":"status-publish","4":"has-post-thumbnail","6":"product_cat-climat-humide","8":"first","9":"instock","10":"shipping-taxable","11":"purchasable","12":"product-type-simple"},"yoast_head":"<!-- This site is optimized with the Yoast SEO plugin v24.6 - https:\/\/yoast.com\/wordpress\/plugins\/seo\/ -->\n<title>Dalle en Ip\u00e9 - DalleTerrasseBois<\/title>\n<meta name=\"robots\" content=\"index, follow, max-snippet:-1, max-image-preview:large, max-video-preview:-1\" \/>\n<link rel=\"canonical\" href=\"https:\/\/www.dalleterrassebois.fr\/?product=dalle-en-ipe-2\" \/>\n<meta property=\"og:locale\" content=\"fr_FR\" \/>\n<meta property=\"og:type\" content=\"article\" \/>\n<meta property=\"og:title\" content=\"Dalle en Ip\u00e9 - DalleTerrasseBois\" \/>\n<meta property=\"og:description\" content=\"C&#039;est un bois exotique d&#039;exception, offrent une r\u00e9sistance in\u00e9gal\u00e9e aux intemp\u00e9ries et une durabilit\u00e9 remarquable. Avec son \u00e9l\u00e9gance naturelle et sa stabilit\u00e9, l&#039;Ip\u00e9 est le choix id\u00e9al pour des am\u00e9nagements ext\u00e9rieurs haut de gamme et durables.\" \/>\n<meta property=\"og:url\" content=\"https:\/\/www.dalleterrassebois.fr\/?product=dalle-en-ipe-2\" \/>\n<meta property=\"og:site_name\" content=\"DalleTerrasseBois\" \/>\n<meta property=\"article:modified_time\" content=\"2025-03-05T08:51:47+00:00\" \/>\n<meta property=\"og:image\" content=\"https:\/\/www.dalleterrassebois.fr\/wp-content\/uploads\/2025\/03\/dalle-ipe-1.jpg\" \/>\n\t<meta property=\"og:image:width\" content=\"256\" \/>\n\t<meta property=\"og:image:height\" content=\"197\" \/>\n\t<meta property=\"og:image:type\" content=\"image\/jpeg\" \/>\n<meta name=\"twitter:card\" content=\"summary_large_image\" \/>\n<script type=\"application\/ld+json\" class=\"yoast-schema-graph\">{\"@context\":\"https:\/\/schema.org\",\"@graph\":[{\"@type\":\"WebPage\",\"@id\":\"https:\/\/www.dalleterrassebois.fr\/?product=dalle-en-ipe-2\",\"url\":\"https:\/\/www.dalleterrassebois.fr\/?product=dalle-en-ipe-2\",\"name\":\"Dalle en Ip\u00e9 - DalleTerrasseBois\",\"isPartOf\":{\"@id\":\"https:\/\/www.dalleterrassebois.fr\/#website\"},\"primaryImageOfPage\":{\"@id\":\"https:\/\/www.dalleterrassebois.fr\/?product=dalle-en-ipe-2#primaryimage\"},\"image\":{\"@id\":\"https:\/\/www.dalleterrassebois.fr\/?product=dalle-en-ipe-2#primaryimage\"},\"thumbnailUrl\":\"https:\/\/www.dalleterrassebois.fr\/wp-content\/uploads\/2025\/03\/dalle-ipe-1.jpg\",\"datePublished\":\"2025-03-05T08:18:33+00:00\",\"dateModified\":\"2025-03-05T08:51:47+00:00\",\"breadcrumb\":{\"@id\":\"https:\/\/www.dalleterrassebois.fr\/?product=dalle-en-ipe-2#breadcrumb\"},\"inLanguage\":\"fr-FR\",\"potentialAction\":[{\"@type\":\"ReadAction\",\"target\":[\"https:\/\/www.dalleterrassebois.fr\/?product=dalle-en-ipe-2\"]}]},{\"@type\":\"ImageObject\",\"inLanguage\":\"fr-FR\",\"@id\":\"https:\/\/www.dalleterrassebois.fr\/?product=dalle-en-ipe-2#primaryimage\",\"url\":\"https:\/\/www.dalleterrassebois.fr\/wp-content\/uploads\/2025\/03\/dalle-ipe-1.jpg\",\"contentUrl\":\"https:\/\/www.dalleterrassebois.fr\/wp-content\/uploads\/2025\/03\/dalle-ipe-1.jpg\",\"width\":256,\"height\":197},{\"@type\":\"BreadcrumbList\",\"@id\":\"https:\/\/www.dalleterrassebois.fr\/?product=dalle-en-ipe-2#breadcrumb\",\"itemListElement\":[{\"@type\":\"ListItem\",\"position\":1,\"name\":\"Accueil\",\"item\":\"https:\/\/www.dalleterrassebois.fr\/\"},{\"@type\":\"ListItem\",\"position\":2,\"name\":\"Boutique\",\"item\":\"https:\/\/www.dalleterrassebois.fr\/?page_id=35\"},{\"@type\":\"ListItem\",\"position\":3,\"name\":\"Dalle en Ip\u00e9\"}]},{\"@type\":\"WebSite\",\"@id\":\"https:\/\/www.dalleterrassebois.fr\/#website\",\"url\":\"https:\/\/www.dalleterrassebois.fr\/\",\"name\":\"DalleTerrasseBois\",\"description\":\"Terrassez l&#039;\u00e9l\u00e9gance.\",\"publisher\":{\"@id\":\"https:\/\/www.dalleterrassebois.fr\/#organization\"},\"potentialAction\":[{\"@type\":\"SearchAction\",\"target\":{\"@type\":\"EntryPoint\",\"urlTemplate\":\"https:\/\/www.dalleterrassebois.fr\/?s={search_term_string}\"},\"query-input\":{\"@type\":\"PropertyValueSpecification\",\"valueRequired\":true,\"valueName\":\"search_term_string\"}}],\"inLanguage\":\"fr-FR\"},{\"@type\":\"Organization\",\"@id\":\"https:\/\/www.dalleterrassebois.fr\/#organization\",\"name\":\"DalleTerrasseBois\",\"url\":\"https:\/\/www.dalleterrassebois.fr\/\",\"logo\":{\"@type\":\"ImageObject\",\"inLanguage\":\"fr-FR\",\"@id\":\"https:\/\/www.dalleterrassebois.fr\/#\/schema\/logo\/image\/\",\"url\":\"https:\/\/www.dalleterrassebois.fr\/wp-content\/uploads\/2025\/03\/logo-dtb-1.png\",\"contentUrl\":\"https:\/\/www.dalleterrassebois.fr\/wp-content\/uploads\/2025\/03\/logo-dtb-1.png\",\"width\":500,\"height\":500,\"caption\":\"DalleTerrasseBois\"},\"image\":{\"@id\":\"https:\/\/www.dalleterrassebois.fr\/#\/schema\/logo\/image\/\"}}]}<\/script>\n<!-- \/ Yoast SEO plugin. -->","yoast_head_json":{"title":"Dalle en Ip\u00e9 - DalleTerrasseBois","robots":{"index":"index","follow":"follow","max-snippet":"max-snippet:-1","max-image-preview":"max-image-preview:large","max-video-preview":"max-video-preview:-1"},"canonical":"https:\/\/www.dalleterrassebois.fr\/?product=dalle-en-ipe-2","og_locale":"fr_FR","og_type":"article","og_title":"Dalle en Ip\u00e9 - DalleTerrasseBois","og_description":"C'est un bois exotique d'exception, offrent une r\u00e9sistance in\u00e9gal\u00e9e aux intemp\u00e9ries et une durabilit\u00e9 remarquable. Avec son \u00e9l\u00e9gance naturelle et sa stabilit\u00e9, l'Ip\u00e9 est le choix id\u00e9al pour des am\u00e9nagements ext\u00e9rieurs haut de gamme et durables.","og_url":"https:\/\/www.dalleterrassebois.fr\/?product=dalle-en-ipe-2","og_site_name":"DalleTerrasseBois","article_modified_time":"2025-03-05T08:51:47+00:00","og_image":[{"width":256,"height":197,"url":"https:\/\/www.dalleterrassebois.fr\/wp-content\/uploads\/2025\/03\/dalle-ipe-1.jpg","type":"image\/jpeg"}],"twitter_card":"summary_large_image","schema":{"@context":"https:\/\/schema.org","@graph":[{"@type":"WebPage","@id":"https:\/\/www.dalleterrassebois.fr\/?product=dalle-en-ipe-2","url":"https:\/\/www.dalleterrassebois.fr\/?product=dalle-en-ipe-2","name":"Dalle en Ip\u00e9 - DalleTerrasseBois","isPartOf":{"@id":"https:\/\/www.dalleterrassebois.fr\/#website"},"primaryImageOfPage":{"@id":"https:\/\/www.dalleterrassebois.fr\/?product=dalle-en-ipe-2#primaryimage"},"image":{"@id":"https:\/\/www.dalleterrassebois.fr\/?product=dalle-en-ipe-2#primaryimage"},"thumbnailUrl":"https:\/\/www.dalleterrassebois.fr\/wp-content\/uploads\/2025\/03\/dalle-ipe-1.jpg","datePublished":"2025-03-05T08:18:33+00:00","dateModified":"2025-03-05T08:51:47+00:00","breadcrumb":{"@id":"https:\/\/www.dalleterrassebois.fr\/?product=dalle-en-ipe-2#breadcrumb"},"inLanguage":"fr-FR","potentialAction":[{"@type":"ReadAction","target":["https:\/\/www.dalleterrassebois.fr\/?product=dalle-en-ipe-2"]}]},{"@type":"ImageObject","inLanguage":"fr-FR","@id":"https:\/\/www.dalleterrassebois.fr\/?product=dalle-en-ipe-2#primaryimage","url":"https:\/\/www.dalleterrassebois.fr\/wp-content\/uploads\/2025\/03\/dalle-ipe-1.jpg","contentUrl":"https:\/\/www.dalleterrassebois.fr\/wp-content\/uploads\/2025\/03\/dalle-ipe-1.jpg","width":256,"height":197},{"@type":"BreadcrumbList","@id":"https:\/\/www.dalleterrassebois.fr\/?product=dalle-en-ipe-2#breadcrumb","itemListElement":[{"@type":"ListItem","position":1,"name":"Accueil","item":"https:\/\/www.dalleterrassebois.fr\/"},{"@type":"ListItem","position":2,"name":"Boutique","item":"https:\/\/www.dalleterrassebois.fr\/?page_id=35"},{"@type":"ListItem","position":3,"name":"Dalle en Ip\u00e9"}]},{"@type":"WebSite","@id":"https:\/\/www.dalleterrassebois.fr\/#website","url":"https:\/\/www.dalleterrassebois.fr\/","name":"DalleTerrasseBois","description":"Terrassez l&#039;\u00e9l\u00e9gance.","publisher":{"@id":"https:\/\/www.dalleterrassebois.fr\/#organization"},"potentialAction":[{"@type":"SearchAction","target":{"@type":"EntryPoint","urlTemplate":"https:\/\/www.dalleterrassebois.fr\/?s={search_term_string}"},"query-input":{"@type":"PropertyValueSpecification","valueRequired":true,"valueName":"search_term_string"}}],"inLanguage":"fr-FR"},{"@type":"Organization","@id":"https:\/\/www.dalleterrassebois.fr\/#organization","name":"DalleTerrasseBois","url":"https:\/\/www.dalleterrassebois.fr\/","logo":{"@type":"ImageObject","inLanguage":"fr-FR","@id":"https:\/\/www.dalleterrassebois.fr\/#\/schema\/logo\/image\/","url":"https:\/\/www.dalleterrassebois.fr\/wp-content\/uploads\/2025\/03\/logo-dtb-1.png","contentUrl":"https:\/\/www.dalleterrassebois.fr\/wp-content\/uploads\/2025\/03\/logo-dtb-1.png","width":500,"height":500,"caption":"DalleTerrasseBois"},"image":{"@id":"https:\/\/www.dalleterrassebois.fr\/#\/schema\/logo\/image\/"}}]}},"_links":{"self":[{"href":"https:\/\/www.dalleterrassebois.fr\/index.php?rest_route=\/wp\/v2\/product\/128","targetHints":{"allow":["GET"]}}],"collection":[{"href":"https:\/\/www.dalleterrassebois.fr\/index.php?rest_route=\/wp\/v2\/product"}],"about":[{"href":"https:\/\/www.dalleterrassebois.fr\/index.php?rest_route=\/wp\/v2\/types\/product"}],"replies":[{"embeddable":true,"href":"https:\/\/www.dalleterrassebois.fr\/index.php?rest_route=%2Fwp%2Fv2%2Fcomments&post=128"}],"wp:featuredmedia":[{"embeddable":true,"href":"https:\/\/www.dalleterrassebois.fr\/index.php?rest_route=\/wp\/v2\/media\/162"}],"wp:attachment":[{"href":"https:\/\/www.dalleterrassebois.fr\/index.php?rest_route=%2Fwp%2Fv2%2Fmedia&parent=128"}],"wp:term":[{"taxonomy":"product_brand","embeddable":true,"href":"https:\/\/www.dalleterrassebois.fr\/index.php?rest_route=%2Fwp%2Fv2%2Fproduct_brand&post=128"},{"taxonomy":"product_cat","embeddable":true,"href":"https:\/\/www.dalleterrassebois.fr\/index.php?rest_route=%2Fwp%2Fv2%2Fproduct_cat&post=128"},{"taxonomy":"product_tag","embeddable":true,"href":"https:\/\/www.dalleterrassebois.fr\/index.php?rest_route=%2Fwp%2Fv2%2Fproduct_tag&post=128"}],"curies":[{"name":"wp","href":"https:\/\/api.w.org\/{rel}","templated":true}]}}