{"id":120,"date":"2025-03-05T08:14:25","date_gmt":"2025-03-05T08:14:25","guid":{"rendered":"https:\/\/www.dalleterrassebois.fr\/?post_type=product&#038;p=120"},"modified":"2025-03-05T08:52:00","modified_gmt":"2025-03-05T08:52:00","slug":"dalle-en-teck","status":"publish","type":"product","link":"https:\/\/www.dalleterrassebois.fr\/?product=dalle-en-teck","title":{"rendered":"Dalle en Teck"},"content":{"rendered":"<p><span style=\"font-weight: 400;\">Ultra r\u00e9sistant \u00e0 l\u2019eau et aux insectes<\/span><\/p>\n","protected":false},"excerpt":{"rendered":"<p><span style=\"font-weight: 400;\">C&rsquo;est un bois noble et naturellement imputrescible, id\u00e9al pour vos am\u00e9nagements ext\u00e9rieurs. Appr\u00e9ci\u00e9 pour sa r\u00e9sistance exceptionnelle et son \u00e9l\u00e9gance intemporelle, le Teck apporte une touche raffin\u00e9e et durable \u00e0 vos espaces.<\/span><\/p>\n<p>&nbsp;<\/p>\n","protected":false},"featured_media":170,"comment_status":"open","ping_status":"closed","template":"","meta":[],"product_brand":[],"product_cat":[22],"product_tag":[],"class_list":{"0":"post-120","1":"product","2":"type-product","3":"status-publish","4":"has-post-thumbnail","6":"product_cat-climat-humide","8":"first","9":"instock","10":"shipping-taxable","11":"purchasable","12":"product-type-simple"},"yoast_head":"<!-- This site is optimized with the Yoast SEO plugin v24.6 - https:\/\/yoast.com\/wordpress\/plugins\/seo\/ -->\n<title>Dalle en Teck - DalleTerrasseBois<\/title>\n<meta name=\"robots\" content=\"index, follow, max-snippet:-1, max-image-preview:large, max-video-preview:-1\" \/>\n<link rel=\"canonical\" href=\"https:\/\/www.dalleterrassebois.fr\/?product=dalle-en-teck\" \/>\n<meta property=\"og:locale\" content=\"fr_FR\" \/>\n<meta property=\"og:type\" content=\"article\" \/>\n<meta property=\"og:title\" content=\"Dalle en Teck - DalleTerrasseBois\" \/>\n<meta property=\"og:description\" content=\"C&#039;est un bois noble et naturellement imputrescible, id\u00e9al pour vos am\u00e9nagements ext\u00e9rieurs. Appr\u00e9ci\u00e9 pour sa r\u00e9sistance exceptionnelle et son \u00e9l\u00e9gance intemporelle, le Teck apporte une touche raffin\u00e9e et durable \u00e0 vos espaces.  &nbsp;\" \/>\n<meta property=\"og:url\" content=\"https:\/\/www.dalleterrassebois.fr\/?product=dalle-en-teck\" \/>\n<meta property=\"og:site_name\" content=\"DalleTerrasseBois\" \/>\n<meta property=\"article:modified_time\" content=\"2025-03-05T08:52:00+00:00\" \/>\n<meta property=\"og:image\" content=\"https:\/\/www.dalleterrassebois.fr\/wp-content\/uploads\/2025\/03\/dalle-teck-1.jpg\" \/>\n\t<meta property=\"og:image:width\" content=\"225\" \/>\n\t<meta property=\"og:image:height\" content=\"225\" \/>\n\t<meta property=\"og:image:type\" content=\"image\/jpeg\" \/>\n<meta name=\"twitter:card\" content=\"summary_large_image\" \/>\n<script type=\"application\/ld+json\" class=\"yoast-schema-graph\">{\"@context\":\"https:\/\/schema.org\",\"@graph\":[{\"@type\":\"WebPage\",\"@id\":\"https:\/\/www.dalleterrassebois.fr\/?product=dalle-en-teck\",\"url\":\"https:\/\/www.dalleterrassebois.fr\/?product=dalle-en-teck\",\"name\":\"Dalle en Teck - DalleTerrasseBois\",\"isPartOf\":{\"@id\":\"https:\/\/www.dalleterrassebois.fr\/#website\"},\"primaryImageOfPage\":{\"@id\":\"https:\/\/www.dalleterrassebois.fr\/?product=dalle-en-teck#primaryimage\"},\"image\":{\"@id\":\"https:\/\/www.dalleterrassebois.fr\/?product=dalle-en-teck#primaryimage\"},\"thumbnailUrl\":\"https:\/\/www.dalleterrassebois.fr\/wp-content\/uploads\/2025\/03\/dalle-teck-1.jpg\",\"datePublished\":\"2025-03-05T08:14:25+00:00\",\"dateModified\":\"2025-03-05T08:52:00+00:00\",\"breadcrumb\":{\"@id\":\"https:\/\/www.dalleterrassebois.fr\/?product=dalle-en-teck#breadcrumb\"},\"inLanguage\":\"fr-FR\",\"potentialAction\":[{\"@type\":\"ReadAction\",\"target\":[\"https:\/\/www.dalleterrassebois.fr\/?product=dalle-en-teck\"]}]},{\"@type\":\"ImageObject\",\"inLanguage\":\"fr-FR\",\"@id\":\"https:\/\/www.dalleterrassebois.fr\/?product=dalle-en-teck#primaryimage\",\"url\":\"https:\/\/www.dalleterrassebois.fr\/wp-content\/uploads\/2025\/03\/dalle-teck-1.jpg\",\"contentUrl\":\"https:\/\/www.dalleterrassebois.fr\/wp-content\/uploads\/2025\/03\/dalle-teck-1.jpg\",\"width\":225,\"height\":225},{\"@type\":\"BreadcrumbList\",\"@id\":\"https:\/\/www.dalleterrassebois.fr\/?product=dalle-en-teck#breadcrumb\",\"itemListElement\":[{\"@type\":\"ListItem\",\"position\":1,\"name\":\"Accueil\",\"item\":\"https:\/\/www.dalleterrassebois.fr\/\"},{\"@type\":\"ListItem\",\"position\":2,\"name\":\"Boutique\",\"item\":\"https:\/\/www.dalleterrassebois.fr\/?page_id=35\"},{\"@type\":\"ListItem\",\"position\":3,\"name\":\"Dalle en Teck\"}]},{\"@type\":\"WebSite\",\"@id\":\"https:\/\/www.dalleterrassebois.fr\/#website\",\"url\":\"https:\/\/www.dalleterrassebois.fr\/\",\"name\":\"DalleTerrasseBois\",\"description\":\"Terrassez l&#039;\u00e9l\u00e9gance.\",\"publisher\":{\"@id\":\"https:\/\/www.dalleterrassebois.fr\/#organization\"},\"potentialAction\":[{\"@type\":\"SearchAction\",\"target\":{\"@type\":\"EntryPoint\",\"urlTemplate\":\"https:\/\/www.dalleterrassebois.fr\/?s={search_term_string}\"},\"query-input\":{\"@type\":\"PropertyValueSpecification\",\"valueRequired\":true,\"valueName\":\"search_term_string\"}}],\"inLanguage\":\"fr-FR\"},{\"@type\":\"Organization\",\"@id\":\"https:\/\/www.dalleterrassebois.fr\/#organization\",\"name\":\"DalleTerrasseBois\",\"url\":\"https:\/\/www.dalleterrassebois.fr\/\",\"logo\":{\"@type\":\"ImageObject\",\"inLanguage\":\"fr-FR\",\"@id\":\"https:\/\/www.dalleterrassebois.fr\/#\/schema\/logo\/image\/\",\"url\":\"https:\/\/www.dalleterrassebois.fr\/wp-content\/uploads\/2025\/03\/logo-dtb-1.png\",\"contentUrl\":\"https:\/\/www.dalleterrassebois.fr\/wp-content\/uploads\/2025\/03\/logo-dtb-1.png\",\"width\":500,\"height\":500,\"caption\":\"DalleTerrasseBois\"},\"image\":{\"@id\":\"https:\/\/www.dalleterrassebois.fr\/#\/schema\/logo\/image\/\"}}]}<\/script>\n<!-- \/ Yoast SEO plugin. -->","yoast_head_json":{"title":"Dalle en Teck - DalleTerrasseBois","robots":{"index":"index","follow":"follow","max-snippet":"max-snippet:-1","max-image-preview":"max-image-preview:large","max-video-preview":"max-video-preview:-1"},"canonical":"https:\/\/www.dalleterrassebois.fr\/?product=dalle-en-teck","og_locale":"fr_FR","og_type":"article","og_title":"Dalle en Teck - DalleTerrasseBois","og_description":"C'est un bois noble et naturellement imputrescible, id\u00e9al pour vos am\u00e9nagements ext\u00e9rieurs. Appr\u00e9ci\u00e9 pour sa r\u00e9sistance exceptionnelle et son \u00e9l\u00e9gance intemporelle, le Teck apporte une touche raffin\u00e9e et durable \u00e0 vos espaces.  &nbsp;","og_url":"https:\/\/www.dalleterrassebois.fr\/?product=dalle-en-teck","og_site_name":"DalleTerrasseBois","article_modified_time":"2025-03-05T08:52:00+00:00","og_image":[{"width":225,"height":225,"url":"https:\/\/www.dalleterrassebois.fr\/wp-content\/uploads\/2025\/03\/dalle-teck-1.jpg","type":"image\/jpeg"}],"twitter_card":"summary_large_image","schema":{"@context":"https:\/\/schema.org","@graph":[{"@type":"WebPage","@id":"https:\/\/www.dalleterrassebois.fr\/?product=dalle-en-teck","url":"https:\/\/www.dalleterrassebois.fr\/?product=dalle-en-teck","name":"Dalle en Teck - DalleTerrasseBois","isPartOf":{"@id":"https:\/\/www.dalleterrassebois.fr\/#website"},"primaryImageOfPage":{"@id":"https:\/\/www.dalleterrassebois.fr\/?product=dalle-en-teck#primaryimage"},"image":{"@id":"https:\/\/www.dalleterrassebois.fr\/?product=dalle-en-teck#primaryimage"},"thumbnailUrl":"https:\/\/www.dalleterrassebois.fr\/wp-content\/uploads\/2025\/03\/dalle-teck-1.jpg","datePublished":"2025-03-05T08:14:25+00:00","dateModified":"2025-03-05T08:52:00+00:00","breadcrumb":{"@id":"https:\/\/www.dalleterrassebois.fr\/?product=dalle-en-teck#breadcrumb"},"inLanguage":"fr-FR","potentialAction":[{"@type":"ReadAction","target":["https:\/\/www.dalleterrassebois.fr\/?product=dalle-en-teck"]}]},{"@type":"ImageObject","inLanguage":"fr-FR","@id":"https:\/\/www.dalleterrassebois.fr\/?product=dalle-en-teck#primaryimage","url":"https:\/\/www.dalleterrassebois.fr\/wp-content\/uploads\/2025\/03\/dalle-teck-1.jpg","contentUrl":"https:\/\/www.dalleterrassebois.fr\/wp-content\/uploads\/2025\/03\/dalle-teck-1.jpg","width":225,"height":225},{"@type":"BreadcrumbList","@id":"https:\/\/www.dalleterrassebois.fr\/?product=dalle-en-teck#breadcrumb","itemListElement":[{"@type":"ListItem","position":1,"name":"Accueil","item":"https:\/\/www.dalleterrassebois.fr\/"},{"@type":"ListItem","position":2,"name":"Boutique","item":"https:\/\/www.dalleterrassebois.fr\/?page_id=35"},{"@type":"ListItem","position":3,"name":"Dalle en Teck"}]},{"@type":"WebSite","@id":"https:\/\/www.dalleterrassebois.fr\/#website","url":"https:\/\/www.dalleterrassebois.fr\/","name":"DalleTerrasseBois","description":"Terrassez l&#039;\u00e9l\u00e9gance.","publisher":{"@id":"https:\/\/www.dalleterrassebois.fr\/#organization"},"potentialAction":[{"@type":"SearchAction","target":{"@type":"EntryPoint","urlTemplate":"https:\/\/www.dalleterrassebois.fr\/?s={search_term_string}"},"query-input":{"@type":"PropertyValueSpecification","valueRequired":true,"valueName":"search_term_string"}}],"inLanguage":"fr-FR"},{"@type":"Organization","@id":"https:\/\/www.dalleterrassebois.fr\/#organization","name":"DalleTerrasseBois","url":"https:\/\/www.dalleterrassebois.fr\/","logo":{"@type":"ImageObject","inLanguage":"fr-FR","@id":"https:\/\/www.dalleterrassebois.fr\/#\/schema\/logo\/image\/","url":"https:\/\/www.dalleterrassebois.fr\/wp-content\/uploads\/2025\/03\/logo-dtb-1.png","contentUrl":"https:\/\/www.dalleterrassebois.fr\/wp-content\/uploads\/2025\/03\/logo-dtb-1.png","width":500,"height":500,"caption":"DalleTerrasseBois"},"image":{"@id":"https:\/\/www.dalleterrassebois.fr\/#\/schema\/logo\/image\/"}}]}},"_links":{"self":[{"href":"https:\/\/www.dalleterrassebois.fr\/index.php?rest_route=\/wp\/v2\/product\/120","targetHints":{"allow":["GET"]}}],"collection":[{"href":"https:\/\/www.dalleterrassebois.fr\/index.php?rest_route=\/wp\/v2\/product"}],"about":[{"href":"https:\/\/www.dalleterrassebois.fr\/index.php?rest_route=\/wp\/v2\/types\/product"}],"replies":[{"embeddable":true,"href":"https:\/\/www.dalleterrassebois.fr\/index.php?rest_route=%2Fwp%2Fv2%2Fcomments&post=120"}],"wp:featuredmedia":[{"embeddable":true,"href":"https:\/\/www.dalleterrassebois.fr\/index.php?rest_route=\/wp\/v2\/media\/170"}],"wp:attachment":[{"href":"https:\/\/www.dalleterrassebois.fr\/index.php?rest_route=%2Fwp%2Fv2%2Fmedia&parent=120"}],"wp:term":[{"taxonomy":"product_brand","embeddable":true,"href":"https:\/\/www.dalleterrassebois.fr\/index.php?rest_route=%2Fwp%2Fv2%2Fproduct_brand&post=120"},{"taxonomy":"product_cat","embeddable":true,"href":"https:\/\/www.dalleterrassebois.fr\/index.php?rest_route=%2Fwp%2Fv2%2Fproduct_cat&post=120"},{"taxonomy":"product_tag","embeddable":true,"href":"https:\/\/www.dalleterrassebois.fr\/index.php?rest_route=%2Fwp%2Fv2%2Fproduct_tag&post=120"}],"curies":[{"name":"wp","href":"https:\/\/api.w.org\/{rel}","templated":true}]}}